{"id":53,"date":"2022-08-07T00:11:35","date_gmt":"2022-08-07T03:11:35","guid":{"rendered":"http:\/\/igrejamatrizresende.org.br\/?page_id=53"},"modified":"2022-08-07T11:30:19","modified_gmt":"2022-08-07T14:30:19","slug":"links","status":"publish","type":"page","link":"https:\/\/igrejamatrizresende.org.br\/?page_id=53","title":{"rendered":"Links"},"content":{"rendered":"\n<h2 class=\"wp-block-heading\">Links<\/h2>\n\n\n\n<p><strong>R\u00e1dio Sintonia do Vale 98,9FM: <a href=\"http:\/\/www.sintoniadovale.com.br\" target=\"_blank\" rel=\"noreferrer noopener\">www.sintoniadovale.com.br<\/a><\/strong><\/p>\n\n\n\n<p><strong>Diocese de Barra do Pira\u00ed &#8211; Volta Redonda: <\/strong><a href=\"https:\/\/diocesevr.com.br\/\" target=\"_blank\" rel=\"noreferrer noopener\"><strong>www.diocesevr.com.br<\/strong><\/a><\/p>\n\n\n\n<p><strong>Vaticano &#8211; A Santa S\u00e9: <\/strong><a href=\"https:\/\/www.vatican.va\/content\/vatican\/pt.html\" data-type=\"URL\" data-id=\"https:\/\/www.vatican.va\/content\/vatican\/pt.html\" target=\"_blank\" rel=\"noreferrer noopener\"><strong>www.vaticano.va<\/strong><\/a><\/p>\n","protected":false},"excerpt":{"rendered":"<p>Links R\u00e1dio Sintonia do Vale 98,9FM: www.sintoniadovale.com.br Diocese de Barra do Pira\u00ed &#8211; Volta Redonda: www.diocesevr.com.br Vaticano &#8211; A Santa S\u00e9: www.vaticano.va<\/p>\n","protected":false},"author":1,"featured_media":0,"parent":0,"menu_order":0,"comment_status":"closed","ping_status":"closed","template":"","meta":{"neve_meta_sidebar":"","neve_meta_container":"","neve_meta_enable_content_width":"","neve_meta_content_width":0,"neve_meta_title_alignment":"","neve_meta_author_avatar":"","neve_post_elements_order":"","neve_meta_disable_header":"","neve_meta_disable_footer":"","neve_meta_disable_title":"","footnotes":""},"class_list":["post-53","page","type-page","status-publish","hentry"],"_links":{"self":[{"href":"https:\/\/igrejamatrizresende.org.br\/index.php?rest_route=\/wp\/v2\/pages\/53","targetHints":{"allow":["GET"]}}],"collection":[{"href":"https:\/\/igrejamatrizresende.org.br\/index.php?rest_route=\/wp\/v2\/pages"}],"about":[{"href":"https:\/\/igrejamatrizresende.org.br\/index.php?rest_route=\/wp\/v2\/types\/page"}],"author":[{"embeddable":true,"href":"https:\/\/igrejamatrizresende.org.br\/index.php?rest_route=\/wp\/v2\/users\/1"}],"replies":[{"embeddable":true,"href":"https:\/\/igrejamatrizresende.org.br\/index.php?rest_route=%2Fwp%2Fv2%2Fcomments&post=53"}],"version-history":[{"count":2,"href":"https:\/\/igrejamatrizresende.org.br\/index.php?rest_route=\/wp\/v2\/pages\/53\/revisions"}],"predecessor-version":[{"id":99,"href":"https:\/\/igrejamatrizresende.org.br\/index.php?rest_route=\/wp\/v2\/pages\/53\/revisions\/99"}],"wp:attachment":[{"href":"https:\/\/igrejamatrizresende.org.br\/index.php?rest_route=%2Fwp%2Fv2%2Fmedia&parent=53"}],"curies":[{"name":"wp","href":"https:\/\/api.w.org\/{rel}","templated":true}]}}