{"id":46,"date":"2022-08-07T00:03:55","date_gmt":"2022-08-07T03:03:55","guid":{"rendered":"http:\/\/igrejamatrizresende.org.br\/?page_id=46"},"modified":"2022-08-07T11:32:22","modified_gmt":"2022-08-07T14:32:22","slug":"confissao-e-atendimento","status":"publish","type":"page","link":"https:\/\/igrejamatrizresende.org.br\/?page_id=46","title":{"rendered":"Confiss\u00e3o e Atendimento"},"content":{"rendered":"\n<h2 class=\"wp-block-heading\">Confiss\u00e3o e Atendimento<\/h2>\n\n\n\n<p><strong>Confiss\u00f5es na Igreja Matriz de Resende:<\/strong><br><strong>\u00c0s ter\u00e7as-feiras: <\/strong>das 16h \u00e0s 18h &#8211; Pe. Ant\u00f4nio Alves<br><strong>Primeira quinta-feira do m\u00eas: <\/strong>das 18h \u00e0s 20h &#8211; Pe. Jos\u00e9 Antonio<br><strong>Demais quintas-feiras do m\u00eas: <\/strong>das 14h \u00e0s 17h &#8211; Pe. Jos\u00e9 Antonio<br><strong>Atendimento por ordem de chegada!<\/strong><\/p>\n\n\n\n<p><strong>Atendimento da Secretaria Paroquial:<\/strong><br>Igreja Matriz de Resende:<br>De segunda a sexta, das 14h \u00e0s 17h<br>Telefones: (24) 3354-0862 | (24) 99848-0862<br>E-mail: <a href=\"mailto:paroquianscresende0862@gmail.com\">paroquianscresende0862@gmail.com<\/a><\/p>\n","protected":false},"excerpt":{"rendered":"<p>Confiss\u00e3o e Atendimento Confiss\u00f5es na Igreja Matriz de Resende:\u00c0s ter\u00e7as-feiras: das 16h \u00e0s 18h &#8211; Pe. Ant\u00f4nio AlvesPrimeira quinta-feira do m\u00eas: das 18h \u00e0s 20h &#8211; Pe. Jos\u00e9 AntonioDemais quintas-feiras do m\u00eas: das 14h \u00e0s 17h &#8211; Pe. Jos\u00e9 AntonioAtendimento por ordem de chegada! Atendimento da Secretaria Paroquial:Igreja Matriz de Resende:De segunda a sexta, das&hellip;&nbsp;<a href=\"https:\/\/igrejamatrizresende.org.br\/?page_id=46\" class=\"\" rel=\"bookmark\">Read More &raquo;<span class=\"screen-reader-text\">Confiss\u00e3o e Atendimento<\/span><\/a><\/p>\n","protected":false},"author":1,"featured_media":0,"parent":0,"menu_order":0,"comment_status":"closed","ping_status":"closed","template":"","meta":{"neve_meta_sidebar":"","neve_meta_container":"","neve_meta_enable_content_width":"","neve_meta_content_width":0,"neve_meta_title_alignment":"","neve_meta_author_avatar":"","neve_post_elements_order":"","neve_meta_disable_header":"","neve_meta_disable_footer":"","neve_meta_disable_title":"","footnotes":""},"class_list":["post-46","page","type-page","status-publish","hentry"],"_links":{"self":[{"href":"https:\/\/igrejamatrizresende.org.br\/index.php?rest_route=\/wp\/v2\/pages\/46","targetHints":{"allow":["GET"]}}],"collection":[{"href":"https:\/\/igrejamatrizresende.org.br\/index.php?rest_route=\/wp\/v2\/pages"}],"about":[{"href":"https:\/\/igrejamatrizresende.org.br\/index.php?rest_route=\/wp\/v2\/types\/page"}],"author":[{"embeddable":true,"href":"https:\/\/igrejamatrizresende.org.br\/index.php?rest_route=\/wp\/v2\/users\/1"}],"replies":[{"embeddable":true,"href":"https:\/\/igrejamatrizresende.org.br\/index.php?rest_route=%2Fwp%2Fv2%2Fcomments&post=46"}],"version-history":[{"count":2,"href":"https:\/\/igrejamatrizresende.org.br\/index.php?rest_route=\/wp\/v2\/pages\/46\/revisions"}],"predecessor-version":[{"id":101,"href":"https:\/\/igrejamatrizresende.org.br\/index.php?rest_route=\/wp\/v2\/pages\/46\/revisions\/101"}],"wp:attachment":[{"href":"https:\/\/igrejamatrizresende.org.br\/index.php?rest_route=%2Fwp%2Fv2%2Fmedia&parent=46"}],"curies":[{"name":"wp","href":"https:\/\/api.w.org\/{rel}","templated":true}]}}