{"id":43,"date":"2022-08-06T23:58:44","date_gmt":"2022-08-07T02:58:44","guid":{"rendered":"http:\/\/igrejamatrizresende.org.br\/?page_id=43"},"modified":"2022-08-07T00:15:54","modified_gmt":"2022-08-07T03:15:54","slug":"igreja-matriz-resende","status":"publish","type":"page","link":"https:\/\/igrejamatrizresende.org.br\/?page_id=43","title":{"rendered":"Igreja Matriz Resende"},"content":{"rendered":"\n<h2 class=\"wp-block-heading\"><strong>Igreja Matriz Resende<\/strong><\/h2>\n\n\n\n<p>A hist\u00f3ria da nossa Matriz tem in\u00edcio com a chegada da imagem de Nossa Senhora da Concei\u00e7\u00e3o. Estamos no s\u00e9culo das &#8220;bandeiras e bandeirantes&#8221;: conquista de terras, procura de ouro e pedras preciosas, aprisionamento de \u00edndios&#8230;<\/p>\n\n\n\n<p>Nesse contexto, mais precisamente pelo ano de 1744, um bandeirante paulista, Cel. Sim\u00e3o da Cunha Gago, tendo necessidade de mudar de domic\u00edlio, veio estabelecer-se no s\u00edtio Lagoa da Aiuruoca, que pertencia \u00e0 Capela de Nossa Senhora do Ros\u00e1rio. Seguindo seus objetivos, ao lado de outros companheiros, p\u00f4s-se a caminho, rompendo matas, atravessando rios e chegando, ap\u00f3s transpor a Serra da Mantiqueira, \u00e0 margem esquerda da Para\u00edba Nova. Com eles veio o Padre Felipe Teixeira Pinto, que fora capel\u00e3o da Capela de Nossa Senhora do Ros\u00e1rio da Aiuruoca, trazendo consigo uma pequena imagem de Nossa Senhora da Concei\u00e7\u00e3o, de origem portuguesa, feita em madeira de lei, com 65 cm de altura.<\/p>\n\n\n\n<p>O local da chegada era uma extensa e apraz\u00edvel campina que atraiu a aten\u00e7\u00e3o dos viajantes e o desejo de ali se estabelecerem, construindo suas primitivas cabanas e cultivando a terra para o pr\u00f3prio sustento. O local recebeu o nome de &#8220;Campo Alegre da Para\u00edba Nova&#8221;.<\/p>\n\n\n\n<p>Decidiu-se erguer uma choupana, onde havia um altar port\u00e1til, para que o sacerdote administrasse os sacramentos. Tudo foi feito com o consentimento do Vig\u00e1rio Geral do Rio de Janeiro, em Provis\u00e3o datada de 12 de maio de 1747, com registro a fls. 24 do livro existente no cart\u00f3rio eclesi\u00e1stico de Resende. Esse orat\u00f3rio localizava-se na margem esquerda do rio Para\u00edba do Sul, defronte \u00e0 atual Rua Padre Manuel dos Anjos.<\/p>\n\n\n\n<p>Era Bispo D. Frei Ant\u00f4nio do Desterro quando a primeira capela foi erguida, por circunst\u00e2ncias for\u00e7adas pelos nativos, no tereno que fica hoje entre a Matriz de Resende e o pr\u00e9dio da esquina do Ouvidor (hoje Dr. Jo\u00e3o Maia). Constru\u00edda em pedra e barro, tinha seis metros e dezesseis cent\u00edmetros de fundo e quatro metros e quarenta cent\u00edmetros de largura, tamanho que foi aumentado para mais cinco metros e meio de comprimento, com paredes de pau-a-pique, em 1795 ou 1796, por influ\u00eancia do Vig\u00e1rio Ant\u00f4nio de Mattos N\u00f3brega de Andrade e com a ajuda dos fregueses (moradores da freguesia). A capela possu\u00eda a prerrogativa de &#8220;capela curada&#8221;, por ser administrada por um cura, isto \u00e9, &#8220;cura&#8221; era como se chamava o p\u00e1roco de uma povoa\u00e7\u00e3o. O primeiro cura foi o mesmo Padre Felipe. Presume-se que a Comarca Eclesi\u00e1stica tenha sido criada em 1748. Nesse mesmo ano, um inc\u00eandio atingiu os arquivos dos assentos de casamento.<\/p>\n\n\n\n<p>Os sinos, colocados sobre grossos esteios de bra\u00fana, chamavam o povo para os of\u00edcios lit\u00fargicos na pequena capela, que possu\u00eda apenas dois altares laterais, S\u00e3o Sebasti\u00e3o e Nossa Senhora das Dores, uma pia batismal e um guarda-alfaias, al\u00e9m do altar-mor onde se conservou o Sant\u00edssimo Sacramento. A primeira Missa foi celebrada no dia 25 de maio de 1947.<\/p>\n\n\n\n<p>Estando muito claro e evidente o crescimento da popula\u00e7\u00e3o, em 02 de janeiro de 1756, a capela foi elevada \u00e0 condi\u00e7\u00e3o de Matriz permanente, com p\u00e1rocos pr\u00f3prios. O Padre Felipe foi o primeiro p\u00e1roco, por carta de 13 de dezembro de 1759.<\/p>\n\n\n\n<p>Passados 65 anos da cria\u00e7\u00e3o da Capela Curada, o povoado de Nossa Senhora da Concei\u00e7\u00e3o do Campo Alegre da Para\u00edba Nova j\u00e1 ostentava a condi\u00e7\u00e3o e o nome de Vila de Resende. Assim, necess\u00e1ria se fazia a constru\u00e7\u00e3o de um novo templo.<\/p>\n\n\n\n<p>Em 1812, foram lan\u00e7ados os primeiros alicerces da Igreja Matriz, &#8220;um templo n\u00e3o somente para o povo de ent\u00e3o, como para as gera\u00e7\u00f5es futuras&#8221;, como diziam \u00e0 \u00e9poca. A comiss\u00e3o administrativa era formada pelo Vig\u00e1rio Jos\u00e9 Ant\u00f4nio Martins de S\u00e1, Manuel Ant\u00f4nio da Silva Guimar\u00e3es e do Comendador Bento de Azevedo Maia. A dire\u00e7\u00e3o geral da obra ficou a cargo do Capit\u00e3o Ign\u00e1cio de Seixas Ribeiro. Houve diverg\u00eancia sobre o local da constru\u00e7\u00e3o: uns desejavam o Campo do Manejo, outros o Morro dos Passos. Por fim, estabeleceu-se que seria constru\u00edda nas terras por doa\u00e7\u00e3o de Ant\u00f4nio Corr\u00eaa da Fonseca, doa\u00e7\u00e3o esta feita em 27 de outubro de 1749.<\/p>\n\n\n\n<p>Como n\u00e3o houve ajuda oficial (o que causou a lenta constru\u00e7\u00e3o), a obra foi realizada por meio de uma subscri\u00e7\u00e3o: uns doavam servi\u00e7os, outros, dinheiro e alguns propriet\u00e1rios, um certo n\u00famero de escravos para os trabalhos pesados. O Capit\u00e3o Ign\u00e1cio de Seixas Ribeiro, para melhor administrar a obra, mudou sua resid\u00eancia para a vila, sofrendo preju\u00edzo em seus interesses pessoais.<\/p>\n\n\n\n<p>O risco da obra foi dado pelo arquiteto carioca In\u00e1cio Ferreira Pinto, que conduziu todo o trabalho at\u00e9 a sua conclus\u00e3o. A obra de talha \u00e9 do fluminense Greg\u00f3rio Rodrigues de Siqueira. Assim, em 16 de outubro de 1931, teve lugar a traslada\u00e7\u00e3o do Sant\u00edssimo Sacramento e das imagens da antiga capela para a nova Matriz. A imagem da Padroeira foi colocada no nicho.<\/p>\n\n\n\n<p>A igreja tinha 50,70m de comprimento sobre a largura exterior de 21,52m. Suas paredes eram de taipa. Possu\u00eda seis altares laterais: N. Sra. das Dores, doada por D. Francisca Pereira da Concei\u00e7\u00e3o; N. Sra. da Gl\u00f3ria, doada por D. Maria Soares Lousada; S\u00e3o Jos\u00e9 com o respectivo altar, doados por In\u00e1cio Ferreira Pinto; Santo Ant\u00f4nio, doado pelo Comendador Joaquim Jos\u00e9 Martins; S\u00e3o Miguel, doado por Manuel Gomes de Carvalho, depois Bar\u00e3o do Amparo; e a imagem de S\u00e3o Sebasti\u00e3o, oriunda da antiga capela. As doa\u00e7\u00f5es de v\u00e1rios devotos contribu\u00edram para o douramentos dos altares. Na sacristia, ficavam, por falta de espa\u00e7o, tr\u00eas grandes imagens que representavam a Sagrada Fam\u00edlia.<\/p>\n\n\n\n<p>Em 1874, ocorreu outro inc\u00eandio: uma fa\u00edsca el\u00e9trica atingiu a torre da ala direita. A centelha ziguezagueou pelo templo, chegou ao altar-mor, onde estava o andor de Nossa Senhora ornamentado com flores de papel, mas contornou-o sem danificar a ornamenta\u00e7\u00e3o.<\/p>\n\n\n\n<p>Dessa \u00e9poca em diante, a prov\u00edncia se encarregou dos reparos do templo. O mais importante foi a reconstru\u00e7\u00e3o em pedra de todo o frontisp\u00edcio, em substitui\u00e7\u00e3o \u00e0 fachada antiga de taipa. Essa obra deve-se \u00e0 passagem da Princesa Imperial pela cidade, em 1868, que se interessou pela sorte do templo.<\/p>\n\n\n\n<p>Somente em 1874, ficou pronto todo o frontisp\u00edcio de pedra, sendo mestre de toda a obra o portugu\u00eas Jos\u00e9 Domingues.<\/p>\n\n\n\n<p>Os anos se passaram e, a 22 de agosto de 1945 sofreu a Matriz um terr\u00edvel inc\u00eandio. De toda a cidade, avistava-se o tr\u00e1gico acontecimento. Os resendenses acorrem desesperados \u00e0 pra\u00e7a da Matriz. Os homens adentram pelo templo, buscando salvar as imagens, que foram colocadas juntamente com os bancos, na pra\u00e7a. Os bombeiros, vindos de Barra Mansa, s\u00f3 puderam salvar a parte fronteira da igreja.<\/p>\n","protected":false},"excerpt":{"rendered":"<p>Igreja Matriz Resende A hist\u00f3ria da nossa Matriz tem in\u00edcio com a chegada da imagem de Nossa Senhora da Concei\u00e7\u00e3o. Estamos no s\u00e9culo das &#8220;bandeiras e bandeirantes&#8221;: conquista de terras, procura de ouro e pedras preciosas, aprisionamento de \u00edndios&#8230; Nesse contexto, mais precisamente pelo ano de 1744, um bandeirante paulista, Cel. Sim\u00e3o da Cunha Gago,&hellip;&nbsp;<a href=\"https:\/\/igrejamatrizresende.org.br\/?page_id=43\" class=\"\" rel=\"bookmark\">Read More &raquo;<span class=\"screen-reader-text\">Igreja Matriz Resende<\/span><\/a><\/p>\n","protected":false},"author":1,"featured_media":0,"parent":0,"menu_order":0,"comment_status":"closed","ping_status":"closed","template":"","meta":{"neve_meta_sidebar":"","neve_meta_container":"","neve_meta_enable_content_width":"","neve_meta_content_width":0,"neve_meta_title_alignment":"","neve_meta_author_avatar":"","neve_post_elements_order":"","neve_meta_disable_header":"","neve_meta_disable_footer":"","neve_meta_disable_title":"","footnotes":""},"class_list":["post-43","page","type-page","status-publish","hentry"],"_links":{"self":[{"href":"https:\/\/igrejamatrizresende.org.br\/index.php?rest_route=\/wp\/v2\/pages\/43","targetHints":{"allow":["GET"]}}],"collection":[{"href":"https:\/\/igrejamatrizresende.org.br\/index.php?rest_route=\/wp\/v2\/pages"}],"about":[{"href":"https:\/\/igrejamatrizresende.org.br\/index.php?rest_route=\/wp\/v2\/types\/page"}],"author":[{"embeddable":true,"href":"https:\/\/igrejamatrizresende.org.br\/index.php?rest_route=\/wp\/v2\/users\/1"}],"replies":[{"embeddable":true,"href":"https:\/\/igrejamatrizresende.org.br\/index.php?rest_route=%2Fwp%2Fv2%2Fcomments&post=43"}],"version-history":[{"count":2,"href":"https:\/\/igrejamatrizresende.org.br\/index.php?rest_route=\/wp\/v2\/pages\/43\/revisions"}],"predecessor-version":[{"id":57,"href":"https:\/\/igrejamatrizresende.org.br\/index.php?rest_route=\/wp\/v2\/pages\/43\/revisions\/57"}],"wp:attachment":[{"href":"https:\/\/igrejamatrizresende.org.br\/index.php?rest_route=%2Fwp%2Fv2%2Fmedia&parent=43"}],"curies":[{"name":"wp","href":"https:\/\/api.w.org\/{rel}","templated":true}]}}