{"id":103,"date":"2022-08-07T11:44:02","date_gmt":"2022-08-07T14:44:02","guid":{"rendered":"http:\/\/igrejamatrizresende.org.br\/?page_id=103"},"modified":"2022-08-07T12:09:55","modified_gmt":"2022-08-07T15:09:55","slug":"contato","status":"publish","type":"page","link":"https:\/\/igrejamatrizresende.org.br\/?page_id=103","title":{"rendered":"Contato"},"content":{"rendered":"\n<h2 class=\"wp-block-heading\">Contato<\/h2>\n\n\n\n<h4 class=\"wp-block-heading\">Par\u00f3quia Nossa Senhora da Concei\u00e7\u00e3o<\/h4>\n\n\n\n<p><strong>Endere\u00e7o:<\/strong><br>   <strong>Pra\u00e7a Dr. Oliveira Botelho<br>   Centro<br>   Resende \/ RJ<\/strong><\/p>\n\n\n\n<p><strong>Telefone:<\/strong> <strong><a href=\"tel:02433540862\">(24) 3354-0862<\/a>\u00a0|\u00a0<a href=\"tel:024998480862\">(24) 99848-0862<\/a><\/strong><br><strong>Email: <\/strong><a href=\"mailto:paroquianscresende0862@gmail.com\"><strong>paroquianscresende0862@gmail.com<\/strong><\/a><\/p>\n","protected":false},"excerpt":{"rendered":"<p>Contato Par\u00f3quia Nossa Senhora da Concei\u00e7\u00e3o Endere\u00e7o: Pra\u00e7a Dr. Oliveira Botelho Centro Resende \/ RJ Telefone: (24) 3354-0862\u00a0|\u00a0(24) 99848-0862Email: paroquianscresende0862@gmail.com<\/p>\n","protected":false},"author":1,"featured_media":0,"parent":0,"menu_order":0,"comment_status":"closed","ping_status":"closed","template":"","meta":{"neve_meta_sidebar":"","neve_meta_container":"","neve_meta_enable_content_width":"","neve_meta_content_width":0,"neve_meta_title_alignment":"","neve_meta_author_avatar":"","neve_post_elements_order":"","neve_meta_disable_header":"","neve_meta_disable_footer":"","neve_meta_disable_title":"","footnotes":""},"class_list":["post-103","page","type-page","status-publish","hentry"],"_links":{"self":[{"href":"https:\/\/igrejamatrizresende.org.br\/index.php?rest_route=\/wp\/v2\/pages\/103","targetHints":{"allow":["GET"]}}],"collection":[{"href":"https:\/\/igrejamatrizresende.org.br\/index.php?rest_route=\/wp\/v2\/pages"}],"about":[{"href":"https:\/\/igrejamatrizresende.org.br\/index.php?rest_route=\/wp\/v2\/types\/page"}],"author":[{"embeddable":true,"href":"https:\/\/igrejamatrizresende.org.br\/index.php?rest_route=\/wp\/v2\/users\/1"}],"replies":[{"embeddable":true,"href":"https:\/\/igrejamatrizresende.org.br\/index.php?rest_route=%2Fwp%2Fv2%2Fcomments&post=103"}],"version-history":[{"count":5,"href":"https:\/\/igrejamatrizresende.org.br\/index.php?rest_route=\/wp\/v2\/pages\/103\/revisions"}],"predecessor-version":[{"id":115,"href":"https:\/\/igrejamatrizresende.org.br\/index.php?rest_route=\/wp\/v2\/pages\/103\/revisions\/115"}],"wp:attachment":[{"href":"https:\/\/igrejamatrizresende.org.br\/index.php?rest_route=%2Fwp%2Fv2%2Fmedia&parent=103"}],"curies":[{"name":"wp","href":"https:\/\/api.w.org\/{rel}","templated":true}]}}